{"id":272,"date":"2023-03-18T07:41:39","date_gmt":"2023-03-18T07:41:39","guid":{"rendered":"http:\/\/sw-themes.com\/porto_dummy\/?post_type=product&#038;p=272"},"modified":"2026-04-15T01:46:01","modified_gmt":"2026-04-14T23:46:01","slug":"vnf-nyakpant","status":"publish","type":"product","link":"https:\/\/ajandekok.eu\/index.php\/product\/vnf-nyakpant\/","title":{"rendered":"VnF Hosting Nyakp\u00e1nt"},"content":{"rendered":"<p>Nyakp\u00e1nt alapanyaga: 100% poli\u00e9szter szat\u00e9n<\/p>\n<p>Szerel\u00e9k: standard cseppkarabiner (1 db)<\/p>\n","protected":false},"excerpt":{"rendered":"<p>Nyakp\u00e1nt, nyakbaakaszt\u00f3 egy karabinerrel<\/p>\n","protected":false},"featured_media":577,"comment_status":"open","ping_status":"closed","template":"","meta":{"content-type":""},"product_cat":[22],"product_tag":[],"class_list":{"0":"post-272","1":"product","2":"type-product","3":"status-publish","4":"has-post-thumbnail","6":"product_cat-ruhak-kiegeszitok","8":"first","9":"instock","10":"shipping-taxable","11":"product-type-simple","12":"add-to-wishlist-after_add_to_cart"},"_links":{"self":[{"href":"https:\/\/ajandekok.eu\/index.php\/wp-json\/wp\/v2\/product\/272","targetHints":{"allow":["GET"]}}],"collection":[{"href":"https:\/\/ajandekok.eu\/index.php\/wp-json\/wp\/v2\/product"}],"about":[{"href":"https:\/\/ajandekok.eu\/index.php\/wp-json\/wp\/v2\/types\/product"}],"replies":[{"embeddable":true,"href":"https:\/\/ajandekok.eu\/index.php\/wp-json\/wp\/v2\/comments?post=272"}],"wp:featuredmedia":[{"embeddable":true,"href":"https:\/\/ajandekok.eu\/index.php\/wp-json\/wp\/v2\/media\/577"}],"wp:attachment":[{"href":"https:\/\/ajandekok.eu\/index.php\/wp-json\/wp\/v2\/media?parent=272"}],"wp:term":[{"taxonomy":"product_cat","embeddable":true,"href":"https:\/\/ajandekok.eu\/index.php\/wp-json\/wp\/v2\/product_cat?post=272"},{"taxonomy":"product_tag","embeddable":true,"href":"https:\/\/ajandekok.eu\/index.php\/wp-json\/wp\/v2\/product_tag?post=272"}],"curies":[{"name":"wp","href":"https:\/\/api.w.org\/{rel}","templated":true}]}}